{"id":10158,"date":"2025-02-19T13:10:18","date_gmt":"2025-02-19T12:10:18","guid":{"rendered":"https:\/\/ecolit.cologne\/imprint\/"},"modified":"2025-02-21T13:42:01","modified_gmt":"2025-02-21T12:42:01","slug":"imprint","status":"publish","type":"page","link":"https:\/\/ecolit.cologne\/en\/imprint\/","title":{"rendered":"Imprint"},"content":{"rendered":"\t\t<div data-elementor-type=\"wp-page\" data-elementor-id=\"10158\" class=\"elementor elementor-10158 elementor-10079\" data-elementor-post-type=\"page\">\n\t\t\t\t<div class=\"elementor-element elementor-element-599f0be e-flex e-con-boxed qodef-elementor-content-no e-con e-parent\" data-id=\"599f0be\" data-element_type=\"container\" data-e-type=\"container\">\n\t\t\t\t\t<div class=\"e-con-inner\">\n\t\t\t\t<div class=\"elementor-element elementor-element-3d745af elementor-widget elementor-widget-qi_addons_for_elementor_animated_text\" data-id=\"3d745af\" data-element_type=\"widget\" data-e-type=\"widget\" data-widget_type=\"qi_addons_for_elementor_animated_text.default\">\n\t\t\t\t<div class=\"elementor-widget-container\">\n\t\t\t\t\t<div class=\"qodef-shortcode qodef-m qodef-qi-animated-text qodef--animated-by-letter qodef--alignment-center qodef-qi--has-appear qodef--appear-from-top\" >\n\t\t<h1 class=\"qodef-m-title\">\n\t\t<span class=\"qodef-e-word-holder\">Imprint<\/span>\t<\/h1>\n<\/div>\n\t\t\t\t<\/div>\n\t\t\t\t<\/div>\n\t\t\t\t\t<\/div>\n\t\t\t\t<\/div>\n\t\t<div class=\"elementor-element elementor-element-886c962 e-flex e-con-boxed qodef-elementor-content-no e-con e-parent\" data-id=\"886c962\" data-element_type=\"container\" data-e-type=\"container\">\n\t\t\t\t\t<div class=\"e-con-inner\">\n\t\t\t\t<div class=\"elementor-element elementor-element-406ef9d elementor-widget elementor-widget-heading\" data-id=\"406ef9d\" data-element_type=\"widget\" data-e-type=\"widget\" data-widget_type=\"heading.default\">\n\t\t\t\t<div class=\"elementor-widget-container\">\n\t\t\t\t\t<h2 class=\"elementor-heading-title elementor-size-default\">Publisher<\/h2>\t\t\t\t<\/div>\n\t\t\t\t<\/div>\n\t\t\t\t<div class=\"elementor-element elementor-element-2faa01d elementor-widget elementor-widget-text-editor\" data-id=\"2faa01d\" data-element_type=\"widget\" data-e-type=\"widget\" data-widget_type=\"text-editor.default\">\n\t\t\t\t<div class=\"elementor-widget-container\">\n\t\t\t\t\t\t\t\t\t<p><strong>Eco-critical literacy in music and literature-related practices of cultural education (EcoLit) \u2013 funded by the Federal Ministry of Education and Research (BMBF)<\/strong><\/p>\n<h3>Represented by:<\/h3>\n<p>Die Universit\u00e4t zu K\u00f6ln ist eine K\u00f6rperschaft des \u00d6ffentlichen Rechts.<br \/>Sie wird durch den Rektor Professor Dr. Joybrato Mukherjee gesetzlich vertreten.<\/p>\n<h3>Project Management:<\/h3>\n<p><strong>Prof. Dr. Christian Rolle:<\/strong> Institute for European Ethnomusicology of the Department of Art and Music (Faculty of Human Sciences)<\/p>\n<p><strong>Prof. Dr. Roman Bartosch<\/strong>: English Seminar II \/ MESH (Faculty of Philosophy)<\/p>\n<p><strong>Dr. Linus Eusterbrock<\/strong>: Institute for European Ethnomusicology of the Department of Art and Music (Faculty of Human Sciences)<\/p>\n<p><strong>University of Cologne<\/strong><br \/>Albertus-Magnus-Platz<br \/>50923 Cologne<\/p>\n<h3>Responsible for editorial:<\/h3>\n<p>Prof. Dr. Christian Rolle, Prof. Dr. Roman Bartosch and Dr. Linus Eusterbrock<\/p>\n<h3>Contact: <\/h3>\n<p>E-Mail: <a href=\"http:\/\/info@ecolit.cologne\"><u>info@ecolit.cologne<\/u><\/a><\/p>\n<p>Phone: +49 (0)221\/470 4642<\/p>\n<h3>Sales tax ID<\/h3>\n<p>Sales tax identification number according to Sect. 27 a of the Sales Tax Law:<br \/>123486767<\/p>\n<h3>Supervisory authority<\/h3>\n<p>Ministry of Culture and Science of the State of North Rhine-Westphalia<br \/>V\u00f6lklinger Str. 49<br \/>40221 D\u00fcsseldorf<br \/><a href=\"http:\/\/www.wissenschaft.nrw.de\/\" target=\"_blank\" rel=\"noopener\">http:\/\/www.wissenschaft.nrw.de\/<\/a><\/p>\n<p><a href=\"https:\/\/www.mkw.nrw\/\" target=\"_blank\" rel=\"noopener\">https:\/\/www.mkw.nrw\/<\/a><\/p>\n<h3>Dispute resolution proceedings in front of a consumer arbitration board<\/h3>\n<p>We are not willing or obliged to participate in dispute resolution proceedings in front of a consumer arbitration board.<\/p>\n<h3>Graphic concept, design and implementation:<\/h3>\n<p><strong><a href=\"https:\/\/weckdesign.de\/\" target=\"_blank\" rel=\"noopener\">WECKDESIGN<\/a><\/strong>, Frederik Weck<\/p>\n<h3>Legal notice<\/h3>\n<p><strong>Liability for content<\/strong><\/p>\n<p>As a service provider, we are responsible for our own content on these pages in accordance with \u00a7 7 paragraph 1 of the German Telemedia Act (TMG). However, according to \u00a7\u00a7 8 to 10 of the German Telemedia Act (TMG), as a service provider we are not obligated to monitor submitted or stored third-party information or to investigate circumstances that indicate illegal activity. Obligations to remove or block the use of information in accordance with general law remain unaffected. In this case, liability is only possible at the time of knowledge about a specific violation of law. If we become aware of such violations of law, we will remove this content immediately.     <\/p>\n<p><strong>Liability for links<\/strong><\/p>\n<p>Our offer contains links to external third-party websites over whose content we have no influence. Therefore, we cannot accept any liability for this third-party content. The respective provider or operator of the pages is always responsible for the content of the linked pages. The linked pages were checked for possible legal violations at the time of linking. Illegal content was not recognizable at the time of linking. However, permanent monitoring of the content of the linked pages is not reasonable without concrete evidence of a violation of law. If we become aware of any violations of law, we will remove such links immediately.      <\/p>\n<p><strong>Copyright<\/strong><\/p>\n<p>The content and works on these pages created by the site operators are subject to German copyright law. Duplication, processing, distribution and any type of use outside the limits of copyright law require the written consent of the respective author or creator. Downloads and copies of this page are only permitted for private, non-commercial use. If the content on this page was not created by the operator, the copyrights of third parties are observed. In particular, third-party content is marked as such. Should you nevertheless become aware of a copyright infringement, we ask you to notify us accordingly. If we become aware of any violations of law, we will remove such content immediately.      <\/p>\n\t\t\t\t\t\t\t\t<\/div>\n\t\t\t\t<\/div>\n\t\t\t\t\t<\/div>\n\t\t\t\t<\/div>\n\t\t\t\t<\/div>\n\t\t","protected":false},"excerpt":{"rendered":"<p>Imprint Publisher Eco-critical literacy in music and literature-related practices of cultural education (EcoLit) \u2013 funded by the Federal Ministry of Education and Research (BMBF) Represented by: Die Universit\u00e4t zu K\u00f6ln ist eine K\u00f6rperschaft des \u00d6ffentlichen Rechts.Sie wird durch den Rektor Professor Dr. Joybrato Mukherjee gesetzlich vertreten. Project Management: Prof. Dr. Christian Rolle: Institute for European [&hellip;]<\/p>\n","protected":false},"author":1,"featured_media":0,"parent":0,"menu_order":0,"comment_status":"closed","ping_status":"closed","template":"","meta":{"_acf_changed":false,"footnotes":""},"class_list":["post-10158","page","type-page","status-publish","hentry"],"acf":[],"_links":{"self":[{"href":"https:\/\/ecolit.cologne\/en\/wp-json\/wp\/v2\/pages\/10158","targetHints":{"allow":["GET"]}}],"collection":[{"href":"https:\/\/ecolit.cologne\/en\/wp-json\/wp\/v2\/pages"}],"about":[{"href":"https:\/\/ecolit.cologne\/en\/wp-json\/wp\/v2\/types\/page"}],"author":[{"embeddable":true,"href":"https:\/\/ecolit.cologne\/en\/wp-json\/wp\/v2\/users\/1"}],"replies":[{"embeddable":true,"href":"https:\/\/ecolit.cologne\/en\/wp-json\/wp\/v2\/comments?post=10158"}],"version-history":[{"count":1,"href":"https:\/\/ecolit.cologne\/en\/wp-json\/wp\/v2\/pages\/10158\/revisions"}],"predecessor-version":[{"id":10424,"href":"https:\/\/ecolit.cologne\/en\/wp-json\/wp\/v2\/pages\/10158\/revisions\/10424"}],"wp:attachment":[{"href":"https:\/\/ecolit.cologne\/en\/wp-json\/wp\/v2\/media?parent=10158"}],"curies":[{"name":"wp","href":"https:\/\/api.w.org\/{rel}","templated":true}]}}